{"id":26,"date":"2018-04-07T23:35:27","date_gmt":"2018-04-07T23:35:27","guid":{"rendered":"http:\/\/serviciosbarros.com\/?page_id=26"},"modified":"2018-04-08T10:31:47","modified_gmt":"2018-04-08T10:31:47","slug":"historia","status":"publish","type":"page","link":"https:\/\/serviciosbarros.com\/?page_id=26","title":{"rendered":"Historia"},"content":{"rendered":"<p>Transportes e Servicios Barros \u00e9 unha pequena empresa familiar que nace en Ventosela, Redondela, al\u00e1 polo ano 1985.<\/p>\n<p>Os primeiros servicios que prestamos eran \u00fanica e exclusivamente transportes en carroceta todoterreno de materiais de construcci\u00f3n e asistencias en desterros, desescombros, etc.<\/p>\n<p>Nacemos como consecuencia das necesidades de Construcci\u00f3ns Barros, outra pequena empresa da familia Barros con sede en Ventosela e Reboreda.<\/p>\n<p>5 anos despois, outro membro da familia, vendo a demanda de transportes con este tipo de veh\u00edculos, decide comprar un novo modelo IPV, algo m\u00e1is grande que o anterior (ambos na foto de portada deste sitio) e dotado dunha gr\u00faa coa que poder ofrecer un servicio m\u00e1is completo.<\/p>\n<p>Pouco m\u00e1is tarde, vendo o \u00e9xito desta segunda carroceta con gr\u00faa, ambos socios decidimos ampliar a flota e compramos un novo modelo.<\/p>\n<p>No ano 2000 decidimos ir m\u00e1is al\u00e1 ampliando a flota a un tipo de cami\u00f3n convencional de maiores dimensi\u00f3ns, un MAN 19-414 de 3 eixos que nos permite cubrir un servicio de maior alcance.<\/p>\n<p>Pouco a pouco imos ampliando carteira de clientes, van surxindo novas oportunidades e decidimos probar sorte a\u00f1adindo un trailer \u00e1 flota que hoxe fai traballos principalmente de transporte de pedra e madeira. A pedra surxe como una necesidade para n\u00f3s mesmos, polos traballos de mamposter\u00eda \u00f3s que nos dedicamos, e a madeira \u00e9 un servicio que prestamos baixo demanda a diferentes proveedores e clientes.<\/p>\n<p>Hoxe tempos unha flota de varias carrocetas, un cami\u00f3n de gran tonelaxe e un trailer articulado (todos eles con servicio de gr\u00faa incluido).<\/p>\n","protected":false},"excerpt":{"rendered":"<p>Transportes e Servicios Barros \u00e9 unha pequena empresa familiar que nace en Ventosela, Redondela, al\u00e1 polo ano 1985. Os primeiros servicios que prestamos eran \u00fanica e exclusivamente transportes en carroceta todoterreno de materiais de construcci\u00f3n<\/p>\n","protected":false},"author":1,"featured_media":11,"parent":0,"menu_order":0,"comment_status":"closed","ping_status":"closed","template":"","meta":{"_exactmetrics_skip_tracking":false,"_exactmetrics_sitenote_active":false,"_exactmetrics_sitenote_note":"","_exactmetrics_sitenote_category":0,"footnotes":""},"_links":{"self":[{"href":"https:\/\/serviciosbarros.com\/index.php?rest_route=\/wp\/v2\/pages\/26"}],"collection":[{"href":"https:\/\/serviciosbarros.com\/index.php?rest_route=\/wp\/v2\/pages"}],"about":[{"href":"https:\/\/serviciosbarros.com\/index.php?rest_route=\/wp\/v2\/types\/page"}],"author":[{"embeddable":true,"href":"https:\/\/serviciosbarros.com\/index.php?rest_route=\/wp\/v2\/users\/1"}],"replies":[{"embeddable":true,"href":"https:\/\/serviciosbarros.com\/index.php?rest_route=%2Fwp%2Fv2%2Fcomments&post=26"}],"version-history":[{"count":4,"href":"https:\/\/serviciosbarros.com\/index.php?rest_route=\/wp\/v2\/pages\/26\/revisions"}],"predecessor-version":[{"id":58,"href":"https:\/\/serviciosbarros.com\/index.php?rest_route=\/wp\/v2\/pages\/26\/revisions\/58"}],"wp:featuredmedia":[{"embeddable":true,"href":"https:\/\/serviciosbarros.com\/index.php?rest_route=\/wp\/v2\/media\/11"}],"wp:attachment":[{"href":"https:\/\/serviciosbarros.com\/index.php?rest_route=%2Fwp%2Fv2%2Fmedia&parent=26"}],"curies":[{"name":"wp","href":"https:\/\/api.w.org\/{rel}","templated":true}]}}