{"id":2,"date":"2016-05-10T03:48:21","date_gmt":"2016-05-10T03:48:21","guid":{"rendered":"http:\/\/serviciosbarros.com\/?page_id=2"},"modified":"2020-11-29T15:49:32","modified_gmt":"2020-11-29T15:49:32","slug":"sample-page","status":"publish","type":"page","link":"https:\/\/serviciosbarros.com\/?page_id=2","title":{"rendered":"Galer\u00eda"},"content":{"rendered":"<p>Hola,<br \/>Aqu\u00ed\u00a0 compartimos fotos de alg\u00fans dos nosos traballos. <br \/>Gracias \u00f3s propietarios pola s\u00faa confianza e o permiso para publicar estas imaxes.<\/p>\n\n\n<figure class=\"wp-block-gallery columns-3 is-cropped wp-block-gallery-1 is-layout-flex wp-block-gallery-is-layout-flex\"><ul class=\"blocks-gallery-grid\"><li class=\"blocks-gallery-item\"><figure><img loading=\"lazy\" decoding=\"async\" width=\"1024\" height=\"576\" src=\"http:\/\/serviciosbarros.com\/wp-content\/uploads\/2020\/11\/112003-1024x576.jpg\" alt=\"\" data-id=\"197\" data-full-url=\"http:\/\/serviciosbarros.com\/wp-content\/uploads\/2020\/11\/112003.jpg\" data-link=\"http:\/\/serviciosbarros.com\/?attachment_id=197\" class=\"wp-image-197\" srcset=\"https:\/\/serviciosbarros.com\/wp-content\/uploads\/2020\/11\/112003-1024x576.jpg 1024w, https:\/\/serviciosbarros.com\/wp-content\/uploads\/2020\/11\/112003-300x169.jpg 300w, https:\/\/serviciosbarros.com\/wp-content\/uploads\/2020\/11\/112003-768x432.jpg 768w, https:\/\/serviciosbarros.com\/wp-content\/uploads\/2020\/11\/112003.jpg 1328w\" sizes=\"(max-width: 1024px) 100vw, 1024px\" \/><\/figure><\/li><li class=\"blocks-gallery-item\"><figure><img loading=\"lazy\" decoding=\"async\" width=\"1024\" height=\"576\" src=\"http:\/\/serviciosbarros.com\/wp-content\/uploads\/2020\/11\/112002-1024x576.jpg\" alt=\"\" data-id=\"196\" data-full-url=\"http:\/\/serviciosbarros.com\/wp-content\/uploads\/2020\/11\/112002.jpg\" data-link=\"http:\/\/serviciosbarros.com\/?attachment_id=196\" class=\"wp-image-196\" srcset=\"https:\/\/serviciosbarros.com\/wp-content\/uploads\/2020\/11\/112002-1024x576.jpg 1024w, https:\/\/serviciosbarros.com\/wp-content\/uploads\/2020\/11\/112002-300x169.jpg 300w, https:\/\/serviciosbarros.com\/wp-content\/uploads\/2020\/11\/112002-768x432.jpg 768w, https:\/\/serviciosbarros.com\/wp-content\/uploads\/2020\/11\/112002.jpg 1328w\" sizes=\"(max-width: 1024px) 100vw, 1024px\" \/><\/figure><\/li><li class=\"blocks-gallery-item\"><figure><img loading=\"lazy\" decoding=\"async\" width=\"1024\" height=\"576\" src=\"http:\/\/serviciosbarros.com\/wp-content\/uploads\/2020\/11\/112001-1024x576.jpg\" alt=\"\" data-id=\"195\" data-full-url=\"http:\/\/serviciosbarros.com\/wp-content\/uploads\/2020\/11\/112001.jpg\" data-link=\"http:\/\/serviciosbarros.com\/?attachment_id=195\" class=\"wp-image-195\" srcset=\"https:\/\/serviciosbarros.com\/wp-content\/uploads\/2020\/11\/112001-1024x576.jpg 1024w, https:\/\/serviciosbarros.com\/wp-content\/uploads\/2020\/11\/112001-300x169.jpg 300w, https:\/\/serviciosbarros.com\/wp-content\/uploads\/2020\/11\/112001-768x432.jpg 768w, https:\/\/serviciosbarros.com\/wp-content\/uploads\/2020\/11\/112001.jpg 1328w\" sizes=\"(max-width: 1024px) 100vw, 1024px\" \/><\/figure><\/li><li class=\"blocks-gallery-item\"><figure><img loading=\"lazy\" decoding=\"async\" width=\"992\" height=\"743\" src=\"http:\/\/serviciosbarros.com\/wp-content\/uploads\/2019\/10\/IMG-20190832.jpg\" alt=\"\" data-id=\"136\" data-full-url=\"http:\/\/serviciosbarros.com\/wp-content\/uploads\/2019\/10\/IMG-20190832.jpg\" data-link=\"http:\/\/serviciosbarros.com\/?attachment_id=136\" class=\"wp-image-136\" srcset=\"https:\/\/serviciosbarros.com\/wp-content\/uploads\/2019\/10\/IMG-20190832.jpg 992w, https:\/\/serviciosbarros.com\/wp-content\/uploads\/2019\/10\/IMG-20190832-300x225.jpg 300w, https:\/\/serviciosbarros.com\/wp-content\/uploads\/2019\/10\/IMG-20190832-768x575.jpg 768w\" sizes=\"(max-width: 992px) 100vw, 992px\" \/><\/figure><\/li><li class=\"blocks-gallery-item\"><figure><img loading=\"lazy\" decoding=\"async\" width=\"995\" height=\"746\" src=\"http:\/\/serviciosbarros.com\/wp-content\/uploads\/2019\/10\/IMG-20190831.jpg\" alt=\"\" data-id=\"135\" data-full-url=\"http:\/\/serviciosbarros.com\/wp-content\/uploads\/2019\/10\/IMG-20190831.jpg\" data-link=\"http:\/\/serviciosbarros.com\/?attachment_id=135\" class=\"wp-image-135\" srcset=\"https:\/\/serviciosbarros.com\/wp-content\/uploads\/2019\/10\/IMG-20190831.jpg 995w, https:\/\/serviciosbarros.com\/wp-content\/uploads\/2019\/10\/IMG-20190831-300x225.jpg 300w, https:\/\/serviciosbarros.com\/wp-content\/uploads\/2019\/10\/IMG-20190831-768x576.jpg 768w\" sizes=\"(max-width: 995px) 100vw, 995px\" \/><\/figure><\/li><li class=\"blocks-gallery-item\"><figure><img loading=\"lazy\" decoding=\"async\" width=\"707\" height=\"530\" src=\"http:\/\/serviciosbarros.com\/wp-content\/uploads\/2018\/05\/web_9-e1526851138676.jpg\" alt=\"\" data-id=\"94\" data-full-url=\"http:\/\/serviciosbarros.com\/wp-content\/uploads\/2018\/05\/web_9-e1526851138676.jpg\" data-link=\"http:\/\/serviciosbarros.com\/?attachment_id=94\" class=\"wp-image-94\"\/><\/figure><\/li><li class=\"blocks-gallery-item\"><figure><img loading=\"lazy\" decoding=\"async\" width=\"800\" height=\"600\" src=\"http:\/\/serviciosbarros.com\/wp-content\/uploads\/2018\/05\/web_8.jpg\" alt=\"\" data-id=\"93\" data-full-url=\"http:\/\/serviciosbarros.com\/wp-content\/uploads\/2018\/05\/web_8.jpg\" data-link=\"http:\/\/serviciosbarros.com\/?attachment_id=93\" class=\"wp-image-93\" srcset=\"https:\/\/serviciosbarros.com\/wp-content\/uploads\/2018\/05\/web_8.jpg 800w, https:\/\/serviciosbarros.com\/wp-content\/uploads\/2018\/05\/web_8-300x225.jpg 300w, https:\/\/serviciosbarros.com\/wp-content\/uploads\/2018\/05\/web_8-768x576.jpg 768w\" sizes=\"(max-width: 800px) 100vw, 800px\" \/><\/figure><\/li><li class=\"blocks-gallery-item\"><figure><img loading=\"lazy\" decoding=\"async\" width=\"800\" height=\"600\" src=\"http:\/\/serviciosbarros.com\/wp-content\/uploads\/2018\/05\/web_7.jpg\" alt=\"\" data-id=\"92\" data-full-url=\"http:\/\/serviciosbarros.com\/wp-content\/uploads\/2018\/05\/web_7.jpg\" data-link=\"http:\/\/serviciosbarros.com\/?attachment_id=92\" class=\"wp-image-92\" srcset=\"https:\/\/serviciosbarros.com\/wp-content\/uploads\/2018\/05\/web_7.jpg 800w, https:\/\/serviciosbarros.com\/wp-content\/uploads\/2018\/05\/web_7-300x225.jpg 300w, https:\/\/serviciosbarros.com\/wp-content\/uploads\/2018\/05\/web_7-768x576.jpg 768w\" sizes=\"(max-width: 800px) 100vw, 800px\" \/><\/figure><\/li><li class=\"blocks-gallery-item\"><figure><img loading=\"lazy\" decoding=\"async\" width=\"1024\" height=\"683\" src=\"http:\/\/serviciosbarros.com\/wp-content\/uploads\/2018\/05\/IMG_1749-1024x683.jpg\" alt=\"\" data-id=\"89\" data-full-url=\"http:\/\/serviciosbarros.com\/wp-content\/uploads\/2018\/05\/IMG_1749.jpg\" data-link=\"http:\/\/serviciosbarros.com\/?attachment_id=89\" class=\"wp-image-89\" srcset=\"https:\/\/serviciosbarros.com\/wp-content\/uploads\/2018\/05\/IMG_1749-1024x683.jpg 1024w, https:\/\/serviciosbarros.com\/wp-content\/uploads\/2018\/05\/IMG_1749-300x200.jpg 300w, https:\/\/serviciosbarros.com\/wp-content\/uploads\/2018\/05\/IMG_1749-768x512.jpg 768w, https:\/\/serviciosbarros.com\/wp-content\/uploads\/2018\/05\/IMG_1749-420x280.jpg 420w\" sizes=\"(max-width: 1024px) 100vw, 1024px\" \/><\/figure><\/li><li class=\"blocks-gallery-item\"><figure><img loading=\"lazy\" decoding=\"async\" width=\"1024\" height=\"683\" src=\"http:\/\/serviciosbarros.com\/wp-content\/uploads\/2018\/05\/IMG_2432-1024x683.jpg\" alt=\"\" data-id=\"88\" data-full-url=\"http:\/\/serviciosbarros.com\/wp-content\/uploads\/2018\/05\/IMG_2432.jpg\" data-link=\"http:\/\/serviciosbarros.com\/?attachment_id=88\" class=\"wp-image-88\" srcset=\"https:\/\/serviciosbarros.com\/wp-content\/uploads\/2018\/05\/IMG_2432-1024x683.jpg 1024w, https:\/\/serviciosbarros.com\/wp-content\/uploads\/2018\/05\/IMG_2432-300x200.jpg 300w, https:\/\/serviciosbarros.com\/wp-content\/uploads\/2018\/05\/IMG_2432-768x512.jpg 768w, https:\/\/serviciosbarros.com\/wp-content\/uploads\/2018\/05\/IMG_2432-420x280.jpg 420w\" sizes=\"(max-width: 1024px) 100vw, 1024px\" \/><\/figure><\/li><li class=\"blocks-gallery-item\"><figure><img loading=\"lazy\" decoding=\"async\" width=\"1024\" height=\"672\" src=\"http:\/\/serviciosbarros.com\/wp-content\/uploads\/2018\/05\/Santo-Paio_29082005_01-1024x672.jpg\" alt=\"\" data-id=\"86\" data-full-url=\"http:\/\/serviciosbarros.com\/wp-content\/uploads\/2018\/05\/Santo-Paio_29082005_01.jpg\" data-link=\"http:\/\/serviciosbarros.com\/?attachment_id=86\" class=\"wp-image-86\" srcset=\"https:\/\/serviciosbarros.com\/wp-content\/uploads\/2018\/05\/Santo-Paio_29082005_01-1024x672.jpg 1024w, https:\/\/serviciosbarros.com\/wp-content\/uploads\/2018\/05\/Santo-Paio_29082005_01-300x197.jpg 300w, https:\/\/serviciosbarros.com\/wp-content\/uploads\/2018\/05\/Santo-Paio_29082005_01-768x504.jpg 768w, https:\/\/serviciosbarros.com\/wp-content\/uploads\/2018\/05\/Santo-Paio_29082005_01-350x230.jpg 350w, https:\/\/serviciosbarros.com\/wp-content\/uploads\/2018\/05\/Santo-Paio_29082005_01.jpg 1988w\" sizes=\"(max-width: 1024px) 100vw, 1024px\" \/><\/figure><\/li><li class=\"blocks-gallery-item\"><figure><img loading=\"lazy\" decoding=\"async\" width=\"640\" height=\"480\" src=\"http:\/\/serviciosbarros.com\/wp-content\/uploads\/2016\/05\/20012008006.jpg\" alt=\"\" data-id=\"54\" data-full-url=\"http:\/\/serviciosbarros.com\/wp-content\/uploads\/2016\/05\/20012008006.jpg\" data-link=\"http:\/\/serviciosbarros.com\/?attachment_id=54\" class=\"wp-image-54\" srcset=\"https:\/\/serviciosbarros.com\/wp-content\/uploads\/2016\/05\/20012008006.jpg 640w, https:\/\/serviciosbarros.com\/wp-content\/uploads\/2016\/05\/20012008006-300x225.jpg 300w\" sizes=\"(max-width: 640px) 100vw, 640px\" \/><\/figure><\/li><li class=\"blocks-gallery-item\"><figure><img loading=\"lazy\" decoding=\"async\" width=\"640\" height=\"480\" src=\"http:\/\/serviciosbarros.com\/wp-content\/uploads\/2016\/05\/20012008003.jpg\" alt=\"\" data-id=\"53\" data-full-url=\"http:\/\/serviciosbarros.com\/wp-content\/uploads\/2016\/05\/20012008003.jpg\" data-link=\"http:\/\/serviciosbarros.com\/?attachment_id=53\" class=\"wp-image-53\" srcset=\"https:\/\/serviciosbarros.com\/wp-content\/uploads\/2016\/05\/20012008003.jpg 640w, https:\/\/serviciosbarros.com\/wp-content\/uploads\/2016\/05\/20012008003-300x225.jpg 300w\" sizes=\"(max-width: 640px) 100vw, 640px\" \/><\/figure><\/li><li class=\"blocks-gallery-item\"><figure><img loading=\"lazy\" decoding=\"async\" width=\"800\" height=\"530\" src=\"http:\/\/serviciosbarros.com\/wp-content\/uploads\/2018\/04\/WEB_6.jpg\" alt=\"\" data-id=\"37\" data-full-url=\"http:\/\/serviciosbarros.com\/wp-content\/uploads\/2018\/04\/WEB_6.jpg\" data-link=\"http:\/\/serviciosbarros.com\/?attachment_id=37\" class=\"wp-image-37\" srcset=\"https:\/\/serviciosbarros.com\/wp-content\/uploads\/2018\/04\/WEB_6.jpg 800w, https:\/\/serviciosbarros.com\/wp-content\/uploads\/2018\/04\/WEB_6-300x199.jpg 300w, https:\/\/serviciosbarros.com\/wp-content\/uploads\/2018\/04\/WEB_6-768x509.jpg 768w\" sizes=\"(max-width: 800px) 100vw, 800px\" \/><\/figure><\/li><li class=\"blocks-gallery-item\"><figure><img loading=\"lazy\" decoding=\"async\" width=\"800\" height=\"502\" src=\"http:\/\/serviciosbarros.com\/wp-content\/uploads\/2018\/04\/WEB_5.jpg\" alt=\"\" data-id=\"36\" data-full-url=\"http:\/\/serviciosbarros.com\/wp-content\/uploads\/2018\/04\/WEB_5.jpg\" data-link=\"http:\/\/serviciosbarros.com\/?attachment_id=36\" class=\"wp-image-36\" srcset=\"https:\/\/serviciosbarros.com\/wp-content\/uploads\/2018\/04\/WEB_5.jpg 800w, https:\/\/serviciosbarros.com\/wp-content\/uploads\/2018\/04\/WEB_5-300x188.jpg 300w, https:\/\/serviciosbarros.com\/wp-content\/uploads\/2018\/04\/WEB_5-768x482.jpg 768w\" sizes=\"(max-width: 800px) 100vw, 800px\" \/><\/figure><\/li><li class=\"blocks-gallery-item\"><figure><img loading=\"lazy\" decoding=\"async\" width=\"800\" height=\"502\" src=\"http:\/\/serviciosbarros.com\/wp-content\/uploads\/2018\/04\/WEB_4.jpg\" alt=\"\" data-id=\"35\" data-full-url=\"http:\/\/serviciosbarros.com\/wp-content\/uploads\/2018\/04\/WEB_4.jpg\" data-link=\"http:\/\/serviciosbarros.com\/?attachment_id=35\" class=\"wp-image-35\" srcset=\"https:\/\/serviciosbarros.com\/wp-content\/uploads\/2018\/04\/WEB_4.jpg 800w, https:\/\/serviciosbarros.com\/wp-content\/uploads\/2018\/04\/WEB_4-300x188.jpg 300w, https:\/\/serviciosbarros.com\/wp-content\/uploads\/2018\/04\/WEB_4-768x482.jpg 768w\" sizes=\"(max-width: 800px) 100vw, 800px\" \/><\/figure><\/li><li class=\"blocks-gallery-item\"><figure><img loading=\"lazy\" decoding=\"async\" width=\"800\" height=\"533\" src=\"http:\/\/serviciosbarros.com\/wp-content\/uploads\/2018\/04\/WEB_3.jpg\" alt=\"\" data-id=\"34\" data-full-url=\"http:\/\/serviciosbarros.com\/wp-content\/uploads\/2018\/04\/WEB_3.jpg\" data-link=\"http:\/\/serviciosbarros.com\/?attachment_id=34\" class=\"wp-image-34\" srcset=\"https:\/\/serviciosbarros.com\/wp-content\/uploads\/2018\/04\/WEB_3.jpg 800w, https:\/\/serviciosbarros.com\/wp-content\/uploads\/2018\/04\/WEB_3-300x200.jpg 300w, https:\/\/serviciosbarros.com\/wp-content\/uploads\/2018\/04\/WEB_3-768x512.jpg 768w, https:\/\/serviciosbarros.com\/wp-content\/uploads\/2018\/04\/WEB_3-420x280.jpg 420w\" sizes=\"(max-width: 800px) 100vw, 800px\" \/><\/figure><\/li><li class=\"blocks-gallery-item\"><figure><img loading=\"lazy\" decoding=\"async\" width=\"800\" height=\"519\" src=\"http:\/\/serviciosbarros.com\/wp-content\/uploads\/2018\/04\/WEB_2.jpg\" alt=\"\" data-id=\"33\" data-full-url=\"http:\/\/serviciosbarros.com\/wp-content\/uploads\/2018\/04\/WEB_2.jpg\" data-link=\"http:\/\/serviciosbarros.com\/?attachment_id=33\" class=\"wp-image-33\" srcset=\"https:\/\/serviciosbarros.com\/wp-content\/uploads\/2018\/04\/WEB_2.jpg 800w, https:\/\/serviciosbarros.com\/wp-content\/uploads\/2018\/04\/WEB_2-300x195.jpg 300w, https:\/\/serviciosbarros.com\/wp-content\/uploads\/2018\/04\/WEB_2-768x498.jpg 768w\" sizes=\"(max-width: 800px) 100vw, 800px\" \/><\/figure><\/li><li class=\"blocks-gallery-item\"><figure><img loading=\"lazy\" decoding=\"async\" width=\"800\" height=\"533\" src=\"http:\/\/serviciosbarros.com\/wp-content\/uploads\/2018\/04\/WEB_1.jpg\" alt=\"\" data-id=\"32\" data-full-url=\"http:\/\/serviciosbarros.com\/wp-content\/uploads\/2018\/04\/WEB_1.jpg\" data-link=\"http:\/\/serviciosbarros.com\/?attachment_id=32\" class=\"wp-image-32\" srcset=\"https:\/\/serviciosbarros.com\/wp-content\/uploads\/2018\/04\/WEB_1.jpg 800w, https:\/\/serviciosbarros.com\/wp-content\/uploads\/2018\/04\/WEB_1-300x200.jpg 300w, https:\/\/serviciosbarros.com\/wp-content\/uploads\/2018\/04\/WEB_1-768x512.jpg 768w, https:\/\/serviciosbarros.com\/wp-content\/uploads\/2018\/04\/WEB_1-420x280.jpg 420w\" sizes=\"(max-width: 800px) 100vw, 800px\" \/><\/figure><\/li><\/ul><\/figure>\n","protected":false},"excerpt":{"rendered":"<p>Hola,Aqu\u00ed\u00a0 compartimos fotos de alg\u00fans dos nosos traballos. Gracias \u00f3s propietarios pola s\u00faa confianza e o permiso para publicar estas imaxes.<\/p>\n","protected":false},"author":1,"featured_media":11,"parent":0,"menu_order":0,"comment_status":"closed","ping_status":"open","template":"","meta":{"_exactmetrics_skip_tracking":false,"_exactmetrics_sitenote_active":false,"_exactmetrics_sitenote_note":"","_exactmetrics_sitenote_category":0,"footnotes":""},"_links":{"self":[{"href":"https:\/\/serviciosbarros.com\/index.php?rest_route=\/wp\/v2\/pages\/2"}],"collection":[{"href":"https:\/\/serviciosbarros.com\/index.php?rest_route=\/wp\/v2\/pages"}],"about":[{"href":"https:\/\/serviciosbarros.com\/index.php?rest_route=\/wp\/v2\/types\/page"}],"author":[{"embeddable":true,"href":"https:\/\/serviciosbarros.com\/index.php?rest_route=\/wp\/v2\/users\/1"}],"replies":[{"embeddable":true,"href":"https:\/\/serviciosbarros.com\/index.php?rest_route=%2Fwp%2Fv2%2Fcomments&post=2"}],"version-history":[{"count":9,"href":"https:\/\/serviciosbarros.com\/index.php?rest_route=\/wp\/v2\/pages\/2\/revisions"}],"predecessor-version":[{"id":201,"href":"https:\/\/serviciosbarros.com\/index.php?rest_route=\/wp\/v2\/pages\/2\/revisions\/201"}],"wp:featuredmedia":[{"embeddable":true,"href":"https:\/\/serviciosbarros.com\/index.php?rest_route=\/wp\/v2\/media\/11"}],"wp:attachment":[{"href":"https:\/\/serviciosbarros.com\/index.php?rest_route=%2Fwp%2Fv2%2Fmedia&parent=2"}],"curies":[{"name":"wp","href":"https:\/\/api.w.org\/{rel}","templated":true}]}}